{"id":55,"date":"2016-11-11T08:38:26","date_gmt":"2016-11-11T08:38:26","guid":{"rendered":"http:\/\/rabbit.agentur-kreuzinger.com\/?page_id=2"},"modified":"2021-05-11T09:06:02","modified_gmt":"2021-05-11T09:06:02","slug":"sample-page-2","status":"publish","type":"page","link":"https:\/\/tfp-teltow.de\/","title":{"rendered":"Startseite"},"content":{"rendered":"<p>[vc_row full_width=&#8220;stretch_row&#8220; full_width_row=&#8220;true&#8220; bg_type=&#8220;bg_color&#8220; bg_color_value=&#8220;#ffffff&#8220; anchor=&#8220;unternehmen&#8220; css=&#8220;.vc_custom_1569938077017{margin-top: 0px !important;background-color: #ffffff !important;}&#8220;][vc_column][vc_empty_space height=&#8220;1&#8243;][\/vc_column][\/vc_row][vc_row full_width=&#8220;stretch_row&#8220; full_width_row=&#8220;true&#8220; bg_type=&#8220;bg_color&#8220; bg_color_value=&#8220;#ffffff&#8220; anchor=&#8220;marken&#8220; css=&#8220;.vc_custom_1506513333617{margin-top: 50px !important;background-color: #ffffff !important;}&#8220;][vc_column][vc_column_text]<\/p>\n<h1 style=\"text-align: center;\">Das Unternehmen<\/h1>\n<p>[\/vc_column_text][\/vc_column][\/vc_row][vc_row type=&#8220;vc_default&#8220; css=&#8220;.vc_custom_1561645412308{padding-bottom: 50px !important;}&#8220;][vc_column width=&#8220;1\/2&#8243;][vc_column_text]<\/p>\n<p style=\"text-align: left;\">Der Teltower Fensterputzer wurde im Jahre 1995 durch Herrn Bodo Schack in Teltow gegr\u00fcndet.<br \/>\nSeit diesem Zeitpunkt reinigt der TFP im S\u00fcden von Berlin viele Geb\u00e4ude und Fenster, vor allem mittleren und kleineren Umfangs.<\/p>\n<p>[\/vc_column_text][\/vc_column][vc_column width=&#8220;1\/2&#8243;][vc_column_text]Der TFP besch\u00e4ftigt zur Zeit 15 Mitarbeiter mit mindestens 30h\/w\u00f6chentlich.<br \/>\nZu der Firmenausstattung geh\u00f6ren nur hochwertige Maschinen namhafter Hersteller. Die von uns verwendeten Reinigungsmittel sind ebenfalls hochwertig, materialschonend und umweltvertr\u00e4glich.[\/vc_column_text][\/vc_column][\/vc_row][vc_row type=&#8220;vc_default&#8220; css=&#8220;.vc_custom_1561645412308{padding-bottom: 50px !important;}&#8220;][vc_column width=&#8220;1\/3&#8243;][vc_icon icon_fontawesome=&#8220;fa fa-flag&#8220; color=&#8220;custom&#8220; size=&#8220;xl&#8220; align=&#8220;center&#8220; custom_color=&#8220;#118ad3&#8243;][vc_column_text]<\/p>\n<h2 style=\"text-align: center;\">Ihr Partner im S\u00fcden Berlins<\/h2>\n<p>[\/vc_column_text][\/vc_column][vc_column width=&#8220;1\/3&#8243;][vc_icon icon_fontawesome=&#8220;fa fa-users&#8220; color=&#8220;custom&#8220; size=&#8220;xl&#8220; align=&#8220;center&#8220; custom_color=&#8220;#118ad3&#8243;][vc_column_text]<\/p>\n<h2 style=\"text-align: center;\">qualifizierte<\/h2>\n<h2 style=\"text-align: center;\">Mitarbeiter<\/h2>\n<p>[\/vc_column_text][\/vc_column][vc_column width=&#8220;1\/3&#8243;][vc_icon icon_fontawesome=&#8220;fa fa-star&#8220; color=&#8220;custom&#8220; size=&#8220;xl&#8220; align=&#8220;center&#8220; custom_color=&#8220;#118ad3&#8243;][vc_column_text]<\/p>\n<h2 style=\"text-align: center;\">Seit mehr als 20 Jahren<\/h2>\n<p>[\/vc_column_text][\/vc_column][\/vc_row][vc_row type=&#8220;vc_default&#8220; full_width=&#8220;stretch_row&#8220; full_width_row=&#8220;true&#8220; bg_type=&#8220;image&#8220; parallax_style=&#8220;vcpb-default&#8220; bg_image_new=&#8220;id^510|url^http:\/\/neu.tfp-teltow.de\/wp-content\/uploads\/2019\/10\/fenster_2.jpg|caption^Fensterreinigung|alt^null|title^fenster_2|description^null&#8220; bg_image_repeat=&#8220;no-repeat&#8220; bg_img_attach=&#8220;fixed&#8220; css=&#8220;.vc_custom_1569941333079{margin-top: 0px !important;margin-right: 0px !important;margin-bottom: 0px !important;margin-left: 0px !important;border-top-width: 0px !important;border-right-width: 0px !important;border-bottom-width: 0px !important;border-left-width: 0px !important;padding-top: 0px !important;padding-right: 0px !important;padding-bottom: 0px !important;padding-left: 0px !important;background-color: #ffffff !important;}&#8220; min_height=&#8220;30&#8243;][vc_column css=&#8220;.vc_custom_1561639157367{margin-right: 0px !important;margin-bottom: 0px !important;margin-left: 0px !important;border-top-width: 0px !important;border-right-width: 0px !important;border-bottom-width: 0px !important;border-left-width: 0px !important;padding-top: 0px !important;padding-right: 0px !important;padding-bottom: 0px !important;padding-left: 0px !important;}&#8220;][vc_empty_space height=&#8220;350px&#8220;][\/vc_column][\/vc_row][vc_row full_width=&#8220;stretch_row&#8220; full_width_row=&#8220;true&#8220; bg_type=&#8220;bg_color&#8220; bg_color_value=&#8220;#ffffff&#8220; anchor=&#8220;leistungen&#8220; css=&#8220;.vc_custom_1569938027026{margin-top: 0px !important;margin-right: 0px !important;margin-bottom: 0px !important;margin-left: 0px !important;border-top-width: 0px !important;border-right-width: 0px !important;border-bottom-width: 0px !important;border-left-width: 0px !important;padding-top: 0px !important;padding-right: 0px !important;padding-bottom: 0px !important;padding-left: 0px !important;background-color: #ffffff !important;}&#8220;][vc_column css=&#8220;.vc_custom_1561639197367{margin-top: 0px !important;margin-right: 0px !important;margin-bottom: 0px !important;margin-left: 0px !important;border-top-width: 0px !important;border-right-width: 0px !important;border-bottom-width: 0px !important;border-left-width: 0px !important;padding-top: 0px !important;padding-right: 0px !important;padding-bottom: 0px !important;padding-left: 0px !important;}&#8220;][vc_empty_space height=&#8220;1&#8243; css=&#8220;.vc_custom_1561639209027{margin-top: 0px !important;margin-right: 0px !important;margin-bottom: 0px !important;margin-left: 0px !important;border-top-width: 0px !important;border-right-width: 0px !important;border-bottom-width: 0px !important;border-left-width: 0px !important;padding-top: 0px !important;padding-right: 0px !important;padding-bottom: 0px !important;padding-left: 0px !important;}&#8220;][\/vc_column][\/vc_row][vc_row type=&#8220;vc_default&#8220; full_width=&#8220;stretch_row&#8220; full_width_row=&#8220;true&#8220; bg_type=&#8220;bg_color&#8220; bg_color_value=&#8220;#ffffff&#8220; anchor=&#8220;marken&#8220; css=&#8220;.vc_custom_1569937365471{margin-top: 50px !important;background-color: #ffffff !important;}&#8220;][vc_column][vc_column_text]<\/p>\n<h1 style=\"text-align: center;\">Leistungen<\/h1>\n<p>[\/vc_column_text][\/vc_column][\/vc_row][vc_row type=&#8220;vc_default&#8220; css=&#8220;.vc_custom_1569937842975{margin-top: 0px !important;margin-right: 0px !important;margin-bottom: 0px !important;margin-left: 0px !important;border-top-width: 0px !important;border-right-width: 0px !important;border-bottom-width: 0px !important;border-left-width: 0px !important;padding-top: 0px !important;padding-right: 0px !important;padding-bottom: 50px !important;padding-left: 0px !important;}&#8220;][vc_column width=&#8220;1\/2&#8243;]<div class=\"uavc-list-icon uavc-list-icon-wrapper ult-adjust-bottom-margin   \"><ul class=\"uavc-list\"><li><div class=\"uavc-list-content\" id=\"list-icon-wrap-2205\">\n<div class=\"uavc-list-icon  \" data-animation=\"\" data-animation-delay=\"03\" style=\"margin-right:5px;\"><div class=\"ult-just-icon-wrapper  \"><div class=\"align-icon\" style=\"text-align:center;\">\n<div class=\"aio-icon none \"  style=\"color:#118ad3;font-size:15px;display:inline-block;\">\n\t<i class=\"Defaults-check\"><\/i>\n<\/div><\/div><\/div>\n<\/div><span  data-ultimate-target='#list-icon-wrap-2205 .uavc-list-desc'  data-responsive-json-new='{\"font-size\":\"desktop:18px;\",\"line-height\":\"\"}'  class=\"uavc-list-desc ult-responsive\" style=\"\">Unterhaltsreinigung in Verwaltung und Industrie<\/span><\/div><\/li><li><div class=\"uavc-list-content\" id=\"list-icon-wrap-5789\">\n<div class=\"uavc-list-icon  \" data-animation=\"\" data-animation-delay=\"03\" style=\"margin-right:5px;\"><div class=\"ult-just-icon-wrapper  \"><div class=\"align-icon\" style=\"text-align:center;\">\n<div class=\"aio-icon none \"  style=\"color:#118ad3;font-size:15px;display:inline-block;\">\n\t<i class=\"Defaults-check\"><\/i>\n<\/div><\/div><\/div>\n<\/div><span  data-ultimate-target='#list-icon-wrap-5789 .uavc-list-desc'  data-responsive-json-new='{\"font-size\":\"\",\"line-height\":\"\"}'  class=\"uavc-list-desc ult-responsive\" style=\"\">Teppichreinigung<\/span><\/div><\/li><li><div class=\"uavc-list-content\" id=\"list-icon-wrap-1453\">\n<div class=\"uavc-list-icon  \" data-animation=\"\" data-animation-delay=\"03\" style=\"margin-right:5px;\"><div class=\"ult-just-icon-wrapper  \"><div class=\"align-icon\" style=\"text-align:center;\">\n<div class=\"aio-icon none \"  style=\"color:#118ad3;font-size:15px;display:inline-block;\">\n\t<i class=\"Defaults-check\"><\/i>\n<\/div><\/div><\/div>\n<\/div><span  data-ultimate-target='#list-icon-wrap-1453 .uavc-list-desc'  data-responsive-json-new='{\"font-size\":\"\",\"line-height\":\"\"}'  class=\"uavc-list-desc ult-responsive\" style=\"\">Fensterreinigung<\/span><\/div><\/li><\/ul><\/div>[\/vc_column][vc_column width=&#8220;1\/2&#8243;]<div class=\"uavc-list-icon uavc-list-icon-wrapper ult-adjust-bottom-margin   \"><ul class=\"uavc-list\"><li><div class=\"uavc-list-content\" id=\"list-icon-wrap-7403\">\n<div class=\"uavc-list-icon  \" data-animation=\"\" data-animation-delay=\"03\" style=\"margin-right:5px;\"><div class=\"ult-just-icon-wrapper  \"><div class=\"align-icon\" style=\"text-align:center;\">\n<div class=\"aio-icon none \"  style=\"color:#118ad3;font-size:15px;display:inline-block;\">\n\t<i class=\"Defaults-check\"><\/i>\n<\/div><\/div><\/div>\n<\/div><span  data-ultimate-target='#list-icon-wrap-7403 .uavc-list-desc'  data-responsive-json-new='{\"font-size\":\"\",\"line-height\":\"\"}'  class=\"uavc-list-desc ult-responsive\" style=\"\">Baureinigung<\/span><\/div><\/li><li><div class=\"uavc-list-content\" id=\"list-icon-wrap-3611\">\n<div class=\"uavc-list-icon  \" data-animation=\"\" data-animation-delay=\"03\" style=\"margin-right:5px;\"><div class=\"ult-just-icon-wrapper  \"><div class=\"align-icon\" style=\"text-align:center;\">\n<div class=\"aio-icon none \"  style=\"color:#118ad3;font-size:15px;display:inline-block;\">\n\t<i class=\"Defaults-check\"><\/i>\n<\/div><\/div><\/div>\n<\/div><span  data-ultimate-target='#list-icon-wrap-3611 .uavc-list-desc'  data-responsive-json-new='{\"font-size\":\"\",\"line-height\":\"\"}'  class=\"uavc-list-desc ult-responsive\" style=\"\">Gr\u00fcnanlagenpflege, Hof- und Stra\u00dfendienst<\/span><\/div><\/li><li><div class=\"uavc-list-content\" id=\"list-icon-wrap-6662\">\n<div class=\"uavc-list-icon  \" data-animation=\"\" data-animation-delay=\"03\" style=\"margin-right:5px;\"><div class=\"ult-just-icon-wrapper  \"><div class=\"align-icon\" style=\"text-align:center;\">\n<div class=\"aio-icon none \"  style=\"color:#118ad3;font-size:15px;display:inline-block;\">\n\t<i class=\"Defaults-check\"><\/i>\n<\/div><\/div><\/div>\n<\/div><span  data-ultimate-target='#list-icon-wrap-6662 .uavc-list-desc'  data-responsive-json-new='{\"font-size\":\"\",\"line-height\":\"\"}'  class=\"uavc-list-desc ult-responsive\" style=\"\">Herbstdienst<\/span><\/div><\/li><li><div class=\"uavc-list-content\" id=\"list-icon-wrap-8106\">\n<div class=\"uavc-list-icon  \" data-animation=\"\" data-animation-delay=\"03\" style=\"margin-right:5px;\"><div class=\"ult-just-icon-wrapper  \"><div class=\"align-icon\" style=\"text-align:center;\">\n<div class=\"aio-icon none \"  style=\"color:#118ad3;font-size:15px;display:inline-block;\">\n\t<i class=\"Defaults-check\"><\/i>\n<\/div><\/div><\/div>\n<\/div><span  data-ultimate-target='#list-icon-wrap-8106 .uavc-list-desc'  data-responsive-json-new='{\"font-size\":\"\",\"line-height\":\"\"}'  class=\"uavc-list-desc ult-responsive\" style=\"\">Winterdienst<\/span><\/div><\/li><\/ul><\/div>[\/vc_column][\/vc_row][vc_row type=&#8220;vc_default&#8220; full_width=&#8220;stretch_row&#8220; full_width_row=&#8220;true&#8220; bg_type=&#8220;image&#8220; parallax_style=&#8220;vcpb-default&#8220; bg_image_new=&#8220;id^511|url^http:\/\/neu.tfp-teltow.de\/wp-content\/uploads\/2019\/10\/gr\u00fcnanlagepflege.jpg|caption^Gr\u00fcnanlagenpflege|alt^null|title^gr\u00fcnanlagepflege|description^null&#8220; bg_image_repeat=&#8220;no-repeat&#8220; bg_img_attach=&#8220;fixed&#8220; css=&#8220;.vc_custom_1569941348409{margin-top: 0px !important;margin-right: 0px !important;margin-bottom: 0px !important;margin-left: 0px !important;border-top-width: 0px !important;border-right-width: 0px !important;border-bottom-width: 0px !important;border-left-width: 0px !important;padding-top: 0px !important;padding-right: 0px !important;padding-bottom: 0px !important;padding-left: 0px !important;background-color: #ffffff !important;}&#8220; min_height=&#8220;30&#8243;][vc_column css=&#8220;.vc_custom_1561639157367{margin-right: 0px !important;margin-bottom: 0px !important;margin-left: 0px !important;border-top-width: 0px !important;border-right-width: 0px !important;border-bottom-width: 0px !important;border-left-width: 0px !important;padding-top: 0px !important;padding-right: 0px !important;padding-bottom: 0px !important;padding-left: 0px !important;}&#8220;][vc_empty_space height=&#8220;350px&#8220;][\/vc_column][\/vc_row][vc_row full_width=&#8220;stretch_row&#8220; full_width_row=&#8220;true&#8220; bg_type=&#8220;bg_color&#8220; bg_color_value=&#8220;#ffffff&#8220; anchor=&#8220;anfrage&#8220; css=&#8220;.vc_custom_1569938960220{margin-top: 0px !important;margin-right: 0px !important;margin-bottom: 0px !important;margin-left: 0px !important;border-top-width: 0px !important;border-right-width: 0px !important;border-bottom-width: 0px !important;border-left-width: 0px !important;padding-top: 0px !important;padding-right: 0px !important;padding-bottom: 0px !important;padding-left: 0px !important;background-color: #ffffff !important;}&#8220;][vc_column css=&#8220;.vc_custom_1561639197367{margin-top: 0px !important;margin-right: 0px !important;margin-bottom: 0px !important;margin-left: 0px !important;border-top-width: 0px !important;border-right-width: 0px !important;border-bottom-width: 0px !important;border-left-width: 0px !important;padding-top: 0px !important;padding-right: 0px !important;padding-bottom: 0px !important;padding-left: 0px !important;}&#8220;][vc_empty_space height=&#8220;1&#8243; css=&#8220;.vc_custom_1561639209027{margin-top: 0px !important;margin-right: 0px !important;margin-bottom: 0px !important;margin-left: 0px !important;border-top-width: 0px !important;border-right-width: 0px !important;border-bottom-width: 0px !important;border-left-width: 0px !important;padding-top: 0px !important;padding-right: 0px !important;padding-bottom: 0px !important;padding-left: 0px !important;}&#8220;][\/vc_column][\/vc_row][vc_row type=&#8220;vc_default&#8220; full_width=&#8220;stretch_row&#8220; css=&#8220;.vc_custom_1569937787302{padding-bottom: 50px !important;}&#8220;][vc_column][vc_column_text css=&#8220;.vc_custom_1569937776709{padding-top: 40px !important;}&#8220;]<\/p>\n<h1 style=\"text-align: center;\">Ich w\u00fcnsche ein kostenloses und unverbindliches Angebot oder eine Beratung.<\/h1>\n<p>[\/vc_column_text][vc_column_text]<\/p>\n<h3 style=\"text-align: center;\">Rufen Sie uns an: 03329 \/ 699383<\/h3>\n<h3 style=\"text-align: center;\">oder schreiben Sie uns: <a href=\"mailto:service@tfp-teltow.de\">service@tfp-teltow.de<\/a><\/h3>\n<h3 style=\"text-align: center;\">Wir freuen uns auf Ihre Anfrage!<\/h3>\n<p>[\/vc_column_text][\/vc_column][\/vc_row][vc_row type=&#8220;vc_default&#8220; full_width=&#8220;stretch_row&#8220; full_width_row=&#8220;true&#8220; bg_type=&#8220;image&#8220; parallax_style=&#8220;vcpb-default&#8220; bg_image_new=&#8220;id^513|url^http:\/\/neu.tfp-teltow.de\/wp-content\/uploads\/2019\/10\/winter.jpg|caption^Winterdienst|alt^null|title^winter|description^null&#8220; bg_image_repeat=&#8220;no-repeat&#8220; bg_img_attach=&#8220;fixed&#8220; css=&#8220;.vc_custom_1569936655352{margin-top: 0px !important;margin-right: 0px !important;margin-bottom: 0px !important;margin-left: 0px !important;border-top-width: 0px !important;border-right-width: 0px !important;border-bottom-width: 0px !important;border-left-width: 0px !important;padding-top: 0px !important;padding-right: 0px !important;padding-bottom: 0px !important;padding-left: 0px !important;background-color: #ffffff !important;}&#8220; min_height=&#8220;30&#8243;][vc_column css=&#8220;.vc_custom_1561639157367{margin-right: 0px !important;margin-bottom: 0px !important;margin-left: 0px !important;border-top-width: 0px !important;border-right-width: 0px !important;border-bottom-width: 0px !important;border-left-width: 0px !important;padding-top: 0px !important;padding-right: 0px !important;padding-bottom: 0px !important;padding-left: 0px !important;}&#8220;][vc_empty_space height=&#8220;350px&#8220;][\/vc_column][\/vc_row][vc_row full_width=&#8220;stretch_row&#8220; full_width_row=&#8220;true&#8220; bg_type=&#8220;bg_color&#8220; bg_color_value=&#8220;#ffffff&#8220; anchor=&#8220;kontakt&#8220; css=&#8220;.vc_custom_1569938814811{margin-top: 0px !important;margin-right: 0px !important;margin-bottom: 0px !important;margin-left: 0px !important;border-top-width: 0px !important;border-right-width: 0px !important;border-bottom-width: 0px !important;border-left-width: 0px !important;padding-top: 0px !important;padding-right: 0px !important;padding-bottom: 0px !important;padding-left: 0px !important;background-color: #ffffff !important;}&#8220;][vc_column css=&#8220;.vc_custom_1561639197367{margin-top: 0px !important;margin-right: 0px !important;margin-bottom: 0px !important;margin-left: 0px !important;border-top-width: 0px !important;border-right-width: 0px !important;border-bottom-width: 0px !important;border-left-width: 0px !important;padding-top: 0px !important;padding-right: 0px !important;padding-bottom: 0px !important;padding-left: 0px !important;}&#8220;][vc_empty_space height=&#8220;1&#8243; css=&#8220;.vc_custom_1561639209027{margin-top: 0px !important;margin-right: 0px !important;margin-bottom: 0px !important;margin-left: 0px !important;border-top-width: 0px !important;border-right-width: 0px !important;border-bottom-width: 0px !important;border-left-width: 0px !important;padding-top: 0px !important;padding-right: 0px !important;padding-bottom: 0px !important;padding-left: 0px !important;}&#8220;][\/vc_column][\/vc_row][vc_row type=&#8220;vc_default&#8220; bg_type=&#8220;bg_color&#8220; bg_color_value=&#8220;#ffffff&#8220; css=&#8220;.vc_custom_1561647178390{margin-top: 0px !important;padding-top: 20px !important;padding-right: 20px !important;padding-bottom: 20px !important;padding-left: 20px !important;}&#8220; anchor=&#8220;kontakt&#8220;][vc_column][vc_column_text css=&#8220;.vc_custom_1569938321855{padding-top: 50px !important;}&#8220;]<\/p>\n<h1 style=\"text-align: center;\">Kontakt \/ Impressum<\/h1>\n<p>[\/vc_column_text][\/vc_column][\/vc_row][vc_row type=&#8220;vc_default&#8220; bg_type=&#8220;bg_color&#8220; bg_color_value=&#8220;#ffffff&#8220; css=&#8220;.vc_custom_1561647178390{margin-top: 0px !important;padding-top: 20px !important;padding-right: 20px !important;padding-bottom: 20px !important;padding-left: 20px !important;}&#8220; anchor=&#8220;kontakt&#8220;][vc_column width=&#8220;1\/2&#8243;][vc_column_text]Der Teltower Fenster Putzer &#8211; GbR<br \/>\nM\u00fchlenstr. 13a<br \/>\n14532 Stahnsdorf<\/p>\n<p style=\"text-align: left;\"><u><b>Vertreten durch:\u00a0<\/b><\/u>GF Michael Kobe<\/p>\n<p style=\"text-align: left;\"><u><b>Betriebsleiter:\u00a0<\/b><\/u>Marko Kalmus<\/p>\n<p style=\"text-align: left;\"><u><b>Kontakt:<\/b><\/u><\/p>\n<p>Telefon: 03329699383<br \/>\nTelefax: 03329699384<br \/>\nE-Mail: service@tfp-teltow.de<\/p>\n<p>UmsatzsteuerIdentifikationsnummer gem\u00e4\u00df \u00a727 a Umsatzsteuergesetz:<br \/>\n138408302[\/vc_column_text][\/vc_column][vc_column width=&#8220;1\/2&#8243;][vc_column_text]Berufsbezeichnung: Geb\u00e4udereinigung<br \/>\nZust\u00e4ndige Kammer: Handwerkskammer HWK Potsdam<br \/>\nVerliehen durch: Deutschland<\/p>\n<p style=\"text-align: left;\"><u><b>Angaben zur Berufshaftpflichtversicherung:<\/b><\/u><\/p>\n<p>Name des Versicherers:\u00a0ERGO<\/p>\n<p>Geltungsraum der Versicherung: BRD<\/p>\n<p>Die Europ\u00e4ische Kommission stellt eine Plattform zur OnlineStreitbeilegung (OS) bereit: <a href=\"http:\/\/ec.europa.eu\/consumers\/odr\">http:\/\/ec.europa.eu\/consumers\/odr<\/a><br \/>\nUnsere E-Mail-Adresse finden Sie oben im Impressum.[\/vc_column_text][vc_column_text]<\/p>\n<p style=\"text-align: left;\"><a href=\"https:\/\/tfp-teltow.de\/?page_id=462\" rel=\"noopener noreferrer\">Datenschutzerkl\u00e4rung<\/a><\/p>\n<h4 style=\"text-align: center;\"><\/h4>\n<p>[\/vc_column_text][\/vc_column][\/vc_row][vc_row type=&#8220;vc_default&#8220; full_width=&#8220;stretch_row&#8220; bg_type=&#8220;bg_color&#8220; bg_color_value=&#8220;#ffffff&#8220; css=&#8220;.vc_custom_1490876403824{margin-bottom: 50px !important;}&#8220;][vc_column][vc_column_text]<\/p>\n<p style=\"text-align: center;\">Die Teltower Fenster Putzer GbR \u00a0erkl\u00e4rt sich bei rechtlichen Konflikten mit Verbrauchern (\u00a7 13 BGB) bereit, an Verbraucherschlichtungsverfahren nach dem Verbraucherstreitbeilegungsgesetz teilzunehmen.<\/p>\n<p style=\"text-align: center;\">Die f\u00fcr die Teltower Fenster Putzer GbR zust\u00e4ndige Verbraucherschlichtungsstelle ist die\u00a0Universalschlichtungsstelle des Bundes am Zentrum f\u00fcr Schlichtung e.V.<br \/>\nStra\u00dfburger Stra\u00dfe 8, 77694 Kehl am Rhein<br \/>\nTelefon 07851 \/ 795 79 40<br \/>\nFax 07851 \/ 795 79 41<\/p>\n<p style=\"text-align: center;\">E-Mail: <a href=\"mailto:mail@verbraucher-schlichter.de\">mail@verbraucher-schlichter.de<\/a><br \/>\nWebseite: <a href=\"http:\/\/www.verbraucher-schlichter.de\/\">www.verbraucher-schlichter.de<\/a><\/p>\n<p>[\/vc_column_text][\/vc_column][\/vc_row][vc_row type=&#8220;vc_default&#8220; full_width=&#8220;stretch_row&#8220; bg_type=&#8220;bg_color&#8220; bg_color_value=&#8220;#ffffff&#8220; css=&#8220;.vc_custom_1490876403824{margin-bottom: 50px !important;}&#8220;][vc_column][vc_column_text]<\/p>\n<p style=\"text-align: center;\"><a class=\"ftl-tooltip-title\" title=\"Sehen Sie weitere Bilder von diesem Anbieter\" href=\"https:\/\/de.fotolia.com\/p\/201180683\">\u00a0<\/a><\/p>\n<p style=\"text-align: center;\"><strong>Umsetzung\u00a0<\/strong><br \/>\nKREUZINGER\/\/VISUELLE KOMMUNIKATION<br \/>\n<a href=\"http:\/\/www.agentur-kreuzinger.com\" target=\"_blank\" rel=\"noopener noreferrer\">www.agentur-kreuzinger.com<\/a><\/p>\n<p>[\/vc_column_text][\/vc_column][\/vc_row][vc_row type=&#8220;vc_default&#8220; full_width=&#8220;stretch_row&#8220; css=&#8220;.vc_custom_1570536072185{padding-top: 50px !important;padding-bottom: 50px !important;background-color: #118ad3 !important;}&#8220;][vc_column][vc_column_text]<\/p>\n<h3 style=\"text-align: center;\"><\/h3>\n<h3 style=\"text-align: center;\"><\/h3>\n<h3 style=\"text-align: center;\"><span style=\"color: #ffffff;\">copyright 2019 Der Teltower Fensterputzer GbR<\/span><\/h3>\n<p>[\/vc_column_text][\/vc_column][\/vc_row]<\/p>\n","protected":false},"excerpt":{"rendered":"<p>[vc_row full_width=&#8220;stretch_row&#8220; full_width_row=&#8220;true&#8220; bg_type=&#8220;bg_color&#8220; bg_color_value=&#8220;#ffffff&#8220; anchor=&#8220;unternehmen&#8220; css=&#8220;.vc_custom_1569938077017{margin-top: 0px !important;background-color: #ffffff !important;}&#8220;][vc_column][vc_empty_space height=&#8220;1&#8243;][\/vc_column][\/vc_row][vc_row full_width=&#8220;stretch_row&#8220; full_width_row=&#8220;true&#8220; bg_type=&#8220;bg_color&#8220; bg_color_value=&#8220;#ffffff&#8220; anchor=&#8220;marken&#8220; css=&#8220;.vc_custom_1506513333617{margin-top: 50px !important;background-color: #ffffff !important;}&#8220;][vc_column][vc_column_text] Das Unternehmen [\/vc_column_text][\/vc_column][\/vc_row][vc_row type=&#8220;vc_default&#8220; css=&#8220;.vc_custom_1561645412308{padding-bottom: 50px !important;}&#8220;][vc_column width=&#8220;1\/2&#8243;][vc_column_text] Der Teltower Fensterputzer wurde im Jahre 1995 durch Herrn Bodo Schack in Teltow gegr\u00fcndet. Seit diesem Zeitpunkt reinigt der TFP im S\u00fcden von Berlin viele&hellip;<\/p>\n","protected":false},"author":1,"featured_media":0,"parent":0,"menu_order":0,"comment_status":"closed","ping_status":"open","template":"","meta":[],"_links":{"self":[{"href":"https:\/\/tfp-teltow.de\/index.php?rest_route=\/wp\/v2\/pages\/55"}],"collection":[{"href":"https:\/\/tfp-teltow.de\/index.php?rest_route=\/wp\/v2\/pages"}],"about":[{"href":"https:\/\/tfp-teltow.de\/index.php?rest_route=\/wp\/v2\/types\/page"}],"author":[{"embeddable":true,"href":"https:\/\/tfp-teltow.de\/index.php?rest_route=\/wp\/v2\/users\/1"}],"replies":[{"embeddable":true,"href":"https:\/\/tfp-teltow.de\/index.php?rest_route=%2Fwp%2Fv2%2Fcomments&post=55"}],"version-history":[{"count":11,"href":"https:\/\/tfp-teltow.de\/index.php?rest_route=\/wp\/v2\/pages\/55\/revisions"}],"predecessor-version":[{"id":582,"href":"https:\/\/tfp-teltow.de\/index.php?rest_route=\/wp\/v2\/pages\/55\/revisions\/582"}],"wp:attachment":[{"href":"https:\/\/tfp-teltow.de\/index.php?rest_route=%2Fwp%2Fv2%2Fmedia&parent=55"}],"curies":[{"name":"wp","href":"https:\/\/api.w.org\/{rel}","templated":true}]}}